{"id":7,"date":"2026-02-19T17:56:36","date_gmt":"2026-02-19T17:56:36","guid":{"rendered":"https:\/\/casaaurum.ch\/?page_id=7"},"modified":"2026-03-03T15:54:38","modified_gmt":"2026-03-03T15:54:38","slug":"home","status":"publish","type":"page","link":"https:\/\/casaaurum.ch\/","title":{"rendered":"Home"},"content":{"rendered":"\t\t<div data-elementor-type=\"wp-post\" data-elementor-id=\"7\" class=\"elementor elementor-7\" data-elementor-post-type=\"page\">\n\t\t\t\t<div class=\"elementor-element elementor-element-5a1fd444 e-con-full e-flex e-con e-parent\" data-id=\"5a1fd444\" data-element_type=\"container\" data-e-type=\"container\" data-settings=\"{&quot;background_background&quot;:&quot;classic&quot;}\">\n\t\t<div class=\"elementor-element elementor-element-661b57c e-con-full e-flex e-con e-child\" data-id=\"661b57c\" data-element_type=\"container\" data-e-type=\"container\">\n\t\t\t\t<div class=\"elementor-element elementor-element-2760e374 elementor-widget elementor-widget-heading\" data-id=\"2760e374\" data-element_type=\"widget\" data-e-type=\"widget\" data-widget_type=\"heading.default\">\n\t\t\t\t\t<h6 class=\"elementor-heading-title elementor-size-default\">im herzen von Disentis \/ Must\u00e9r<\/h6>\t\t\t\t<\/div>\n\t\t\t\t<div class=\"elementor-element elementor-element-59f3e733 elementor-widget elementor-widget-heading\" data-id=\"59f3e733\" data-element_type=\"widget\" data-e-type=\"widget\" data-widget_type=\"heading.default\">\n\t\t\t\t\t<h1 class=\"elementor-heading-title elementor-size-default\">Exklusives Wohnen <br>im Herzen der B\u00fcndner Alpen.<\/h1>\t\t\t\t<\/div>\n\t\t\t\t<div class=\"elementor-element elementor-element-77867bf3 elementor-widget elementor-widget-heading\" data-id=\"77867bf3\" data-element_type=\"widget\" data-e-type=\"widget\" data-widget_type=\"heading.default\">\n\t\t\t\t\t<p class=\"elementor-heading-title elementor-size-default\">Casa Aurum bietet exklusive Alpenwohnungen in Disentis Graub\u00fcnden mit moderner Architektur, hochwertigen Materialien und durchdachten Grundrissen. Grossz\u00fcgige R\u00e4ume, edle Ausstattung und die einzigartige Lage inmitten der Schweizer Alpen schaffen ein Wohnerlebnis auf h\u00f6chstem Niveau.<\/p>\t\t\t\t<\/div>\n\t\t\t\t<div class=\"elementor-element elementor-element-7d5a565f elementor-align-left elementor-widget elementor-widget-button\" data-id=\"7d5a565f\" data-element_type=\"widget\" data-e-type=\"widget\" data-widget_type=\"button.default\">\n\t\t\t\t\t\t\t\t\t\t<a class=\"elementor-button elementor-size-sm\" role=\"button\">\n\t\t\t\t\t\t<span class=\"elementor-button-content-wrapper\">\n\t\t\t\t\t\t\t\t\t<span class=\"elementor-button-text\">Projekt in K\u00fcrze<\/span>\n\t\t\t\t\t<\/span>\n\t\t\t\t\t<\/a>\n\t\t\t\t\t\t\t\t<\/div>\n\t\t\t\t<\/div>\n\t\t\t\t<\/div>\n\t\t<div class=\"elementor-element elementor-element-3769c41 e-flex e-con-boxed e-con e-parent\" data-id=\"3769c41\" data-element_type=\"container\" data-e-type=\"container\">\n\t\t\t\t\t<div class=\"e-con-inner\">\n\t\t<div class=\"elementor-element elementor-element-45c3908 e-con-full e-flex e-con e-child\" data-id=\"45c3908\" data-element_type=\"container\" data-e-type=\"container\">\n\t\t\t\t<div class=\"elementor-element elementor-element-7fee821 elementor-widget elementor-widget-heading\" data-id=\"7fee821\" data-element_type=\"widget\" data-e-type=\"widget\" data-widget_type=\"heading.default\">\n\t\t\t\t\t<h6 class=\"elementor-heading-title elementor-size-default\">im herzen von Disentis \/ Must\u00e9r<\/h6>\t\t\t\t<\/div>\n\t\t\t\t<div class=\"elementor-element elementor-element-266025f elementor-widget elementor-widget-heading\" data-id=\"266025f\" data-element_type=\"widget\" data-e-type=\"widget\" data-widget_type=\"heading.default\">\n\t\t\t\t\t<h1 class=\"elementor-heading-title elementor-size-default\">Attrakative Wohnungen <\/h1>\t\t\t\t<\/div>\n\t\t\t\t<div class=\"elementor-element elementor-element-16e0858 elementor-widget elementor-widget-text-editor\" data-id=\"16e0858\" data-element_type=\"widget\" data-e-type=\"widget\" data-widget_type=\"text-editor.default\">\n\t\t\t\t\t\t\t\t\t<p>Casa Aurum definiert das Leben in den Alpen im historischen Herzen von Disentis neu. Inspiriert vom goldenen Licht, das das Surselva-Tal durchflutet, verbinden unsere Residenzen lokalen Stein, warmes Holz und Akzente aus geb\u00fcrstetem Messing.<\/p><p>Entworfen f\u00fcr diejenigen, die Abgeschiedenheit suchen, ohne auf Raffinesse zu verzichten, bietet jede Residenz einen Panoramablick auf die Berge und das Benediktinerkloster und schafft so einen nahtlosen Dialog zwischen dem inneren Refugium und der majest\u00e4tischen Natur.<i><\/i><\/p>\t\t\t\t\t\t\t\t<\/div>\n\t\t\t\t<div class=\"elementor-element elementor-element-93c53c9 elementor-widget-divider--view-line elementor-widget elementor-widget-divider\" data-id=\"93c53c9\" data-element_type=\"widget\" data-e-type=\"widget\" data-widget_type=\"divider.default\">\n\t\t\t\t\t\t\t<div class=\"elementor-divider\">\n\t\t\t<span class=\"elementor-divider-separator\">\n\t\t\t\t\t\t<\/span>\n\t\t<\/div>\n\t\t\t\t\t\t<\/div>\n\t\t<div class=\"elementor-element elementor-element-d297188 e-con-full e-flex e-con e-child\" data-id=\"d297188\" data-element_type=\"container\" data-e-type=\"container\">\n\t\t\t\t<div class=\"elementor-element elementor-element-6f7a75e elementor-widget elementor-widget-icon-box\" data-id=\"6f7a75e\" data-element_type=\"widget\" data-e-type=\"widget\" data-widget_type=\"icon-box.default\">\n\t\t\t\t\t\t\t<div class=\"elementor-icon-box-wrapper\">\n\n\t\t\t\n\t\t\t\t\t\t<div class=\"elementor-icon-box-content\">\n\n\t\t\t\t\t\t\t\t\t<h3 class=\"elementor-icon-box-title\">\n\t\t\t\t\t\t<span  >\n\t\t\t\t\t\t\t1,450m\t\t\t\t\t\t<\/span>\n\t\t\t\t\t<\/h3>\n\t\t\t\t\n\t\t\t\t\t\t\t\t\t<p class=\"elementor-icon-box-description\">\n\t\t\t\t\t\th\u00f6he\t\t\t\t\t<\/p>\n\t\t\t\t\n\t\t\t<\/div>\n\t\t\t\n\t\t<\/div>\n\t\t\t\t\t\t<\/div>\n\t\t\t\t<div class=\"elementor-element elementor-element-e32ffa6 elementor-widget elementor-widget-icon-box\" data-id=\"e32ffa6\" data-element_type=\"widget\" data-e-type=\"widget\" data-widget_type=\"icon-box.default\">\n\t\t\t\t\t\t\t<div class=\"elementor-icon-box-wrapper\">\n\n\t\t\t\n\t\t\t\t\t\t<div class=\"elementor-icon-box-content\">\n\n\t\t\t\t\t\t\t\t\t<h3 class=\"elementor-icon-box-title\">\n\t\t\t\t\t\t<span  >\n\t\t\t\t\t\t\t12\t\t\t\t\t\t<\/span>\n\t\t\t\t\t<\/h3>\n\t\t\t\t\n\t\t\t\t\t\t\t\t\t<p class=\"elementor-icon-box-description\">\n\t\t\t\t\t\tExklusive Wohnungen\t\t\t\t\t<\/p>\n\t\t\t\t\n\t\t\t<\/div>\n\t\t\t\n\t\t<\/div>\n\t\t\t\t\t\t<\/div>\n\t\t\t\t<\/div>\n\t\t\t\t<\/div>\n\t\t<div class=\"elementor-element elementor-element-2261d7b e-con-full e-flex e-con e-child\" data-id=\"2261d7b\" data-element_type=\"container\" data-e-type=\"container\">\n\t\t\t\t<div class=\"elementor-element elementor-element-eaeec02 elementor-widget elementor-widget-image\" data-id=\"eaeec02\" data-element_type=\"widget\" data-e-type=\"widget\" data-widget_type=\"image.default\">\n\t\t\t\t\t\t\t\t\t\t\t\t\t\t\t<img fetchpriority=\"high\" decoding=\"async\" width=\"1024\" height=\"804\" src=\"https:\/\/casaaurum.ch\/wp-content\/uploads\/2026\/03\/0027131_disentis_227436-1024x804.jpg\" class=\"attachment-large size-large wp-image-38\" alt=\"\" srcset=\"https:\/\/casaaurum.ch\/wp-content\/uploads\/2026\/03\/0027131_disentis_227436-1024x804.jpg 1024w, https:\/\/casaaurum.ch\/wp-content\/uploads\/2026\/03\/0027131_disentis_227436-300x236.jpg 300w, https:\/\/casaaurum.ch\/wp-content\/uploads\/2026\/03\/0027131_disentis_227436-768x603.jpg 768w, https:\/\/casaaurum.ch\/wp-content\/uploads\/2026\/03\/0027131_disentis_227436-1536x1206.jpg 1536w, https:\/\/casaaurum.ch\/wp-content\/uploads\/2026\/03\/0027131_disentis_227436-2048x1608.jpg 2048w\" sizes=\"(max-width: 1024px) 100vw, 1024px\" \/>\t\t\t\t\t\t\t\t\t\t\t\t\t\t\t<\/div>\n\t\t\t\t<\/div>\n\t\t\t\t\t<\/div>\n\t\t\t\t<\/div>\n\t\t\t\t<\/div>\n\t\t","protected":false},"excerpt":{"rendered":"<p>im herzen von Disentis \/ Must\u00e9r Exklusives Wohnen im Herzen der B\u00fcndner Alpen. Casa Aurum bietet exklusive Alpenwohnungen in Disentis Graub\u00fcnden mit moderner Architektur, hochwertigen Materialien und durchdachten Grundrissen. Grossz\u00fcgige R\u00e4ume, edle Ausstattung und die einzigartige Lage inmitten der Schweizer Alpen schaffen ein Wohnerlebnis auf h\u00f6chstem Niveau. Projekt in K\u00fcrze im herzen von Disentis \/ [&hellip;]<\/p>\n","protected":false},"author":1,"featured_media":0,"parent":0,"menu_order":0,"comment_status":"closed","ping_status":"closed","template":"elementor_canvas","meta":{"footnotes":""},"class_list":["post-7","page","type-page","status-publish","hentry"],"_links":{"self":[{"href":"https:\/\/casaaurum.ch\/index.php?rest_route=\/wp\/v2\/pages\/7","targetHints":{"allow":["GET"]}}],"collection":[{"href":"https:\/\/casaaurum.ch\/index.php?rest_route=\/wp\/v2\/pages"}],"about":[{"href":"https:\/\/casaaurum.ch\/index.php?rest_route=\/wp\/v2\/types\/page"}],"author":[{"embeddable":true,"href":"https:\/\/casaaurum.ch\/index.php?rest_route=\/wp\/v2\/users\/1"}],"replies":[{"embeddable":true,"href":"https:\/\/casaaurum.ch\/index.php?rest_route=%2Fwp%2Fv2%2Fcomments&post=7"}],"version-history":[{"count":13,"href":"https:\/\/casaaurum.ch\/index.php?rest_route=\/wp\/v2\/pages\/7\/revisions"}],"predecessor-version":[{"id":51,"href":"https:\/\/casaaurum.ch\/index.php?rest_route=\/wp\/v2\/pages\/7\/revisions\/51"}],"wp:attachment":[{"href":"https:\/\/casaaurum.ch\/index.php?rest_route=%2Fwp%2Fv2%2Fmedia&parent=7"}],"curies":[{"name":"wp","href":"https:\/\/api.w.org\/{rel}","templated":true}]}}